{"id":466,"date":"2023-08-09T13:31:56","date_gmt":"2023-08-09T11:31:56","guid":{"rendered":"https:\/\/domainedes3cavaliers.com\/?page_id=466"},"modified":"2023-08-11T22:41:17","modified_gmt":"2023-08-11T20:41:17","slug":"blog","status":"publish","type":"page","link":"https:\/\/domainedes3cavaliers.com\/index.php\/blog\/","title":{"rendered":"Blog"},"content":{"rendered":"\t\t<div data-elementor-type=\"wp-page\" data-elementor-id=\"466\" class=\"elementor elementor-466\">\n\t\t\t\t\t\t\t\t\t<section class=\"elementor-section elementor-top-section elementor-element elementor-element-6bf34b6 elementor-section-boxed elementor-section-height-default elementor-section-height-default wpr-particle-no wpr-jarallax-no wpr-parallax-no wpr-sticky-section-no\" data-id=\"6bf34b6\" data-element_type=\"section\">\n\t\t\t\t\t\t<div class=\"elementor-container elementor-column-gap-default\">\n\t\t\t\t\t<div class=\"elementor-column elementor-col-100 elementor-top-column elementor-element elementor-element-00e933f\" data-id=\"00e933f\" data-element_type=\"column\">\n\t\t\t<div class=\"elementor-widget-wrap elementor-element-populated\">\n\t\t\t\t\t\t\t\t<div class=\"elementor-element elementor-element-566dd26 elementor-widget elementor-widget-image\" data-id=\"566dd26\" data-element_type=\"widget\" data-widget_type=\"image.default\">\n\t\t\t\t<div class=\"elementor-widget-container\">\n\t\t\t<style>\/*! elementor - v3.18.0 - 20-12-2023 *\/\n.elementor-widget-image{text-align:center}.elementor-widget-image a{display:inline-block}.elementor-widget-image a img[src$=\".svg\"]{width:48px}.elementor-widget-image img{vertical-align:middle;display:inline-block}<\/style>\t\t\t\t\t\t\t\t\t\t\t\t<img fetchpriority=\"high\" decoding=\"async\" width=\"768\" height=\"461\" src=\"https:\/\/domainedes3cavaliers.com\/wp-content\/uploads\/2023\/08\/1-768x461.png\" class=\"attachment-medium_large size-medium_large wp-image-502\" alt=\"\" srcset=\"https:\/\/domainedes3cavaliers.com\/wp-content\/uploads\/2023\/08\/1-768x461.png 768w, https:\/\/domainedes3cavaliers.com\/wp-content\/uploads\/2023\/08\/1-300x180.png 300w, https:\/\/domainedes3cavaliers.com\/wp-content\/uploads\/2023\/08\/1-1024x614.png 1024w, https:\/\/domainedes3cavaliers.com\/wp-content\/uploads\/2023\/08\/1-600x360.png 600w, https:\/\/domainedes3cavaliers.com\/wp-content\/uploads\/2023\/08\/1-1200x720.png 1200w, https:\/\/domainedes3cavaliers.com\/wp-content\/uploads\/2023\/08\/1.png 1500w\" sizes=\"(max-width: 768px) 100vw, 768px\" \/>\t\t\t\t\t\t\t\t\t\t\t\t\t\t\t<\/div>\n\t\t\t\t<\/div>\n\t\t\t\t\t<\/div>\n\t\t<\/div>\n\t\t\t\t\t\t\t<\/div>\n\t\t<\/section>\n\t\t\t\t<section class=\"elementor-section elementor-top-section elementor-element elementor-element-18d1a5a elementor-section-boxed elementor-section-height-default elementor-section-height-default wpr-particle-no wpr-jarallax-no wpr-parallax-no wpr-sticky-section-no\" data-id=\"18d1a5a\" data-element_type=\"section\">\n\t\t\t\t\t\t<div class=\"elementor-container elementor-column-gap-default\">\n\t\t\t\t\t<div class=\"elementor-column elementor-col-100 elementor-top-column elementor-element elementor-element-e3867d3\" data-id=\"e3867d3\" data-element_type=\"column\">\n\t\t\t<div class=\"elementor-widget-wrap elementor-element-populated\">\n\t\t\t\t\t\t\t\t<div class=\"elementor-element elementor-element-ca21ab8 elementor-grid-eael-col-2 elementor-grid-tablet-eael-col-2 elementor-grid-mobile-eael-col-1 elementor-widget elementor-widget-eael-post-grid\" data-id=\"ca21ab8\" data-element_type=\"widget\" data-settings=\"{&quot;eael_post_grid_columns&quot;:&quot;eael-col-2&quot;,&quot;eael_post_grid_columns_tablet&quot;:&quot;eael-col-2&quot;,&quot;eael_post_grid_columns_mobile&quot;:&quot;eael-col-1&quot;}\" data-widget_type=\"eael-post-grid.default\">\n\t\t\t\t<div class=\"elementor-widget-container\">\n\t\t\t<div id=\"eael-post-grid-ca21ab8\" class=\"eael-post-grid-container\">\n            <div class=\"eael-post-grid eael-post-appender eael-post-appender-ca21ab8 eael-post-grid-style-default\" data-layout-mode=\"grid\"><article class=\"eael-grid-post eael-post-grid-column\" data-id=\"447\">\n        <div class=\"eael-grid-post-holder\">\n            <div class=\"eael-grid-post-holder-inner\"><div class=\"eael-entry-media\"><div class=\"eael-entry-overlay fade-in\"><i class=\"fas fa-long-arrow-alt-right\" aria-hidden=\"true\"><\/i><a href=\"https:\/\/domainedes3cavaliers.com\/index.php\/2023\/08\/09\/elementor-447\/\"><\/a><\/div><div class=\"eael-entry-thumbnail \">\n                <img decoding=\"async\" width=\"225\" height=\"300\" src=\"https:\/\/domainedes3cavaliers.com\/wp-content\/uploads\/2023\/07\/WhatsApp-Image-2023-07-20-at-18.35.35-225x300.jpeg\" class=\"attachment-medium size-medium wp-image-73\" alt=\"\" srcset=\"https:\/\/domainedes3cavaliers.com\/wp-content\/uploads\/2023\/07\/WhatsApp-Image-2023-07-20-at-18.35.35-225x300.jpeg 225w, https:\/\/domainedes3cavaliers.com\/wp-content\/uploads\/2023\/07\/WhatsApp-Image-2023-07-20-at-18.35.35-600x800.jpeg 600w, https:\/\/domainedes3cavaliers.com\/wp-content\/uploads\/2023\/07\/WhatsApp-Image-2023-07-20-at-18.35.35-768x1024.jpeg 768w, https:\/\/domainedes3cavaliers.com\/wp-content\/uploads\/2023\/07\/WhatsApp-Image-2023-07-20-at-18.35.35.jpeg 960w\" sizes=\"(max-width: 225px) 100vw, 225px\" \/>\n            <\/div>\n        <\/div><div class=\"eael-entry-wrapper\"><header class=\"eael-entry-header\"><h1 class=\"eael-entry-title\"><a\n                        class=\"eael-grid-post-link\"\n                        href=\"https:\/\/domainedes3cavaliers.com\/index.php\/2023\/08\/09\/elementor-447\/\"\n                        title=\"\u00c0 la D\u00e9couverte du Domaine des 3 Cavaliers : \u00c9l\u00e9gance et Vari\u00e9t\u00e9 dans les Vins de Madagh, Maroc\">\u00c0 la D\u00e9couverte du Domaine des 3 Cavaliers : \u00c9l\u00e9gance et Vari\u00e9t\u00e9 dans les Vins de Madagh, Maroc<\/a><\/h1><\/header><div class=\"eael-entry-content\">\n                        <div class=\"eael-grid-post-excerpt\"><p>\u00c0 la D\u00e9couverte du Domaine des 3 Cavaliers : \u00c9l\u00e9gance...<\/p><a\n                            href=\"https:\/\/domainedes3cavaliers.com\/index.php\/2023\/08\/09\/elementor-447\/\"\n                            class=\"eael-post-elements-readmore-btn\">Lire Plus<\/a><\/div>\n                    <\/div><div class=\"eael-entry-footer\"><div class=\"eael-entry-meta\"><\/div><\/div><\/div><\/div>\n        <\/div>\n    <\/article><\/div>\n            <div class=\"clearfix\"><\/div>\n        <\/div>\t\t<\/div>\n\t\t\t\t<\/div>\n\t\t\t\t\t<\/div>\n\t\t<\/div>\n\t\t\t\t\t\t\t<\/div>\n\t\t<\/section>\n\t\t\t\t\t\t\t<\/div>\n\t\t","protected":false},"excerpt":{"rendered":"<p>\u00c0 la D\u00e9couverte du Domaine des 3 Cavaliers : \u00c9l\u00e9gance et Vari\u00e9t\u00e9 dans les Vins de Madagh, Maroc \u00c0 la D\u00e9couverte du Domaine des 3 Cavaliers : \u00c9l\u00e9gance&#8230; Lire Plus<\/p>\n","protected":false},"author":1,"featured_media":73,"parent":0,"menu_order":0,"comment_status":"closed","ping_status":"closed","template":"","meta":{"_eb_attr":"","site-sidebar-layout":"no-sidebar","site-content-layout":"page-builder","ast-site-content-layout":"","site-content-style":"default","site-sidebar-style":"default","ast-global-header-display":"","ast-banner-title-visibility":"","ast-main-header-display":"","ast-hfb-above-header-display":"","ast-hfb-below-header-display":"","ast-hfb-mobile-header-display":"","site-post-title":"disabled","ast-breadcrumbs-content":"","ast-featured-img":"disabled","footer-sml-layout":"","theme-transparent-header-meta":"","adv-header-id-meta":"","stick-header-meta":"","header-above-stick-meta":"","header-main-stick-meta":"","header-below-stick-meta":"","astra-migrate-meta-layouts":"default","ast-page-background-enabled":"default","ast-page-background-meta":{"desktop":{"background-color":"var(--ast-global-color-4)","background-image":"","background-repeat":"repeat","background-position":"center center","background-size":"auto","background-attachment":"scroll","background-type":"","background-media":"","overlay-type":"","overlay-color":"","overlay-gradient":""},"tablet":{"background-color":"","background-image":"","background-repeat":"repeat","background-position":"center center","background-size":"auto","background-attachment":"scroll","background-type":"","background-media":"","overlay-type":"","overlay-color":"","overlay-gradient":""},"mobile":{"background-color":"","background-image":"","background-repeat":"repeat","background-position":"center center","background-size":"auto","background-attachment":"scroll","background-type":"","background-media":"","overlay-type":"","overlay-color":"","overlay-gradient":""}},"ast-content-background-meta":{"desktop":{"background-color":"var(--ast-global-color-5)","background-image":"","background-repeat":"repeat","background-position":"center center","background-size":"auto","background-attachment":"scroll","background-type":"","background-media":"","overlay-type":"","overlay-color":"","overlay-gradient":""},"tablet":{"background-color":"var(--ast-global-color-5)","background-image":"","background-repeat":"repeat","background-position":"center center","background-size":"auto","background-attachment":"scroll","background-type":"","background-media":"","overlay-type":"","overlay-color":"","overlay-gradient":""},"mobile":{"background-color":"var(--ast-global-color-5)","background-image":"","background-repeat":"repeat","background-position":"center center","background-size":"auto","background-attachment":"scroll","background-type":"","background-media":"","overlay-type":"","overlay-color":"","overlay-gradient":""}},"footnotes":""},"jetpack_sharing_enabled":true,"featured_media_urls":{"thumbnail":["https:\/\/domainedes3cavaliers.com\/wp-content\/uploads\/2023\/07\/WhatsApp-Image-2023-07-20-at-18.35.35-150x150.jpeg",150,150,true],"medium":["https:\/\/domainedes3cavaliers.com\/wp-content\/uploads\/2023\/07\/WhatsApp-Image-2023-07-20-at-18.35.35-225x300.jpeg",225,300,true],"medium_large":["https:\/\/domainedes3cavaliers.com\/wp-content\/uploads\/2023\/07\/WhatsApp-Image-2023-07-20-at-18.35.35-768x1024.jpeg",768,1024,true],"large":["https:\/\/domainedes3cavaliers.com\/wp-content\/uploads\/2023\/07\/WhatsApp-Image-2023-07-20-at-18.35.35-768x1024.jpeg",768,1024,true],"1536x1536":["https:\/\/domainedes3cavaliers.com\/wp-content\/uploads\/2023\/07\/WhatsApp-Image-2023-07-20-at-18.35.35.jpeg",960,1280,false],"2048x2048":["https:\/\/domainedes3cavaliers.com\/wp-content\/uploads\/2023\/07\/WhatsApp-Image-2023-07-20-at-18.35.35.jpeg",960,1280,false],"woocommerce_thumbnail":["https:\/\/domainedes3cavaliers.com\/wp-content\/uploads\/2023\/07\/WhatsApp-Image-2023-07-20-at-18.35.35-300x300.jpeg",300,300,true],"woocommerce_single":["https:\/\/domainedes3cavaliers.com\/wp-content\/uploads\/2023\/07\/WhatsApp-Image-2023-07-20-at-18.35.35-600x800.jpeg",600,800,true],"woocommerce_gallery_thumbnail":["https:\/\/domainedes3cavaliers.com\/wp-content\/uploads\/2023\/07\/WhatsApp-Image-2023-07-20-at-18.35.35-100x100.jpeg",100,100,true],"portfolio_item-thumbnail":["https:\/\/domainedes3cavaliers.com\/wp-content\/uploads\/2023\/07\/WhatsApp-Image-2023-07-20-at-18.35.35-600x400.jpeg",600,400,true],"portfolio_item-thumbnail@2x":["https:\/\/domainedes3cavaliers.com\/wp-content\/uploads\/2023\/07\/WhatsApp-Image-2023-07-20-at-18.35.35-960x800.jpeg",960,800,true],"portfolio_item-masonry":["https:\/\/domainedes3cavaliers.com\/wp-content\/uploads\/2023\/07\/WhatsApp-Image-2023-07-20-at-18.35.35-600x800.jpeg",600,800,true],"portfolio_item-masonry@2x":["https:\/\/domainedes3cavaliers.com\/wp-content\/uploads\/2023\/07\/WhatsApp-Image-2023-07-20-at-18.35.35.jpeg",960,1280,false],"portfolio_item-thumbnail_cinema":["https:\/\/domainedes3cavaliers.com\/wp-content\/uploads\/2023\/07\/WhatsApp-Image-2023-07-20-at-18.35.35-800x335.jpeg",800,335,true],"portfolio_item-thumbnail_portrait":["https:\/\/domainedes3cavaliers.com\/wp-content\/uploads\/2023\/07\/WhatsApp-Image-2023-07-20-at-18.35.35-600x900.jpeg",600,900,true],"portfolio_item-thumbnail_portrait@2x":["https:\/\/domainedes3cavaliers.com\/wp-content\/uploads\/2023\/07\/WhatsApp-Image-2023-07-20-at-18.35.35.jpeg",960,1280,false],"portfolio_item-thumbnail_square":["https:\/\/domainedes3cavaliers.com\/wp-content\/uploads\/2023\/07\/WhatsApp-Image-2023-07-20-at-18.35.35-800x800.jpeg",800,800,true]},"_links":{"self":[{"href":"https:\/\/domainedes3cavaliers.com\/index.php\/wp-json\/wp\/v2\/pages\/466"}],"collection":[{"href":"https:\/\/domainedes3cavaliers.com\/index.php\/wp-json\/wp\/v2\/pages"}],"about":[{"href":"https:\/\/domainedes3cavaliers.com\/index.php\/wp-json\/wp\/v2\/types\/page"}],"author":[{"embeddable":true,"href":"https:\/\/domainedes3cavaliers.com\/index.php\/wp-json\/wp\/v2\/users\/1"}],"replies":[{"embeddable":true,"href":"https:\/\/domainedes3cavaliers.com\/index.php\/wp-json\/wp\/v2\/comments?post=466"}],"version-history":[{"count":20,"href":"https:\/\/domainedes3cavaliers.com\/index.php\/wp-json\/wp\/v2\/pages\/466\/revisions"}],"predecessor-version":[{"id":511,"href":"https:\/\/domainedes3cavaliers.com\/index.php\/wp-json\/wp\/v2\/pages\/466\/revisions\/511"}],"wp:featuredmedia":[{"embeddable":true,"href":"https:\/\/domainedes3cavaliers.com\/index.php\/wp-json\/wp\/v2\/media\/73"}],"wp:attachment":[{"href":"https:\/\/domainedes3cavaliers.com\/index.php\/wp-json\/wp\/v2\/media?parent=466"}],"curies":[{"name":"wp","href":"https:\/\/api.w.org\/{rel}","templated":true}]}}